{"id":190,"date":"2024-10-23T01:19:10","date_gmt":"2024-10-23T01:19:10","guid":{"rendered":"https:\/\/hotel-duo-paris.ms2.decms.eu\/chambres-suites\/duo-suite\/"},"modified":"2025-01-27T13:15:00","modified_gmt":"2025-01-27T13:15:00","slug":"duo-suite","status":"publish","type":"page","link":"https:\/\/www.duo-paris.com\/en\/rooms-suites\/duo-suite\/","title":{"rendered":"Duo Suite"},"content":{"rendered":"<p style=\"text-align: center\">During your stay in Paris, enjoy an <strong>exceptional experience<\/strong> in the suite (<strong>40 m2<\/strong>) of the Duo hotel.<\/p>\n<p style=\"text-align: center\">In addition to a separate living room, this room has a large bathtub and a shower as well as a private terrace without vis-\u00e0-vis.<\/p>\n","protected":false},"excerpt":{"rendered":"<p>During your stay in Paris, enjoy an exceptional experience in the suite (40 m2) of the Duo hotel. In addition to a separate living room, this room has a large bathtub and a shower as well as a private terrace without vis-\u00e0-vis.<\/p>\n","protected":false},"author":186,"featured_media":0,"parent":173,"menu_order":5,"comment_status":"closed","ping_status":"closed","template":"template-single-room.php","meta":{"footnotes":""},"yoast_head":"<!-- This site is optimized with the Yoast SEO plugin v22.3 - https:\/\/yoast.com\/wordpress\/plugins\/seo\/ -->\n<title>Chambres \u00c9l\u00e9gantes et Modernes \u00e0 l&#039;H\u00f4tel DUO | Confort au C\u0153ur de Paris<\/title>\n<meta name=\"description\" content=\"D\u00e9couvrez les chambres modernes de l&#039;H\u00f4tel DUO \u00e0 Paris, avec design \u00e9l\u00e9gant, produits Nuxe et \u00e9quipements premium pour un s\u00e9jour raffin\u00e9 en plein Marais.\" \/>\n<meta name=\"robots\" content=\"index, follow, max-snippet:-1, max-image-preview:large, max-video-preview:-1\" \/>\n<link rel=\"canonical\" href=\"https:\/\/www.duo-paris.com\/en\/rooms-suites\/duo-suite\/\" \/>\n<meta property=\"og:locale\" content=\"en_US\" \/>\n<meta property=\"og:type\" content=\"article\" \/>\n<meta property=\"og:title\" content=\"Chambres \u00c9l\u00e9gantes et Modernes \u00e0 l&#039;H\u00f4tel DUO | Confort au C\u0153ur de Paris\" \/>\n<meta property=\"og:description\" content=\"D\u00e9couvrez les chambres modernes de l&#039;H\u00f4tel DUO \u00e0 Paris, avec design \u00e9l\u00e9gant, produits Nuxe et \u00e9quipements premium pour un s\u00e9jour raffin\u00e9 en plein Marais.\" \/>\n<meta property=\"og:url\" content=\"https:\/\/www.duo-paris.com\/en\/rooms-suites\/duo-suite\/\" \/>\n<meta property=\"og:site_name\" content=\"Hotel Duo Paris\" \/>\n<meta property=\"article:publisher\" content=\"https:\/\/www.facebook.com\/HotelDuoParis\/\" \/>\n<meta property=\"article:modified_time\" content=\"2025-01-27T13:15:00+00:00\" \/>\n<meta name=\"twitter:card\" content=\"summary_large_image\" \/>\n<meta name=\"twitter:label1\" content=\"Est. reading time\" \/>\n\t<meta name=\"twitter:data1\" content=\"1 minute\" \/>\n<script type=\"application\/ld+json\" class=\"yoast-schema-graph\">{\"@context\":\"https:\/\/schema.org\",\"@graph\":[{\"@type\":\"WebPage\",\"@id\":\"https:\/\/www.duo-paris.com\/en\/rooms-suites\/duo-suite\/\",\"url\":\"https:\/\/www.duo-paris.com\/en\/rooms-suites\/duo-suite\/\",\"name\":\"Chambres \u00c9l\u00e9gantes et Modernes \u00e0 l'H\u00f4tel DUO | Confort au C\u0153ur de Paris\",\"isPartOf\":{\"@id\":\"https:\/\/www.duo-paris.com\/en\/#website\"},\"datePublished\":\"2024-10-23T01:19:10+00:00\",\"dateModified\":\"2025-01-27T13:15:00+00:00\",\"description\":\"D\u00e9couvrez les chambres modernes de l'H\u00f4tel DUO \u00e0 Paris, avec design \u00e9l\u00e9gant, produits Nuxe et \u00e9quipements premium pour un s\u00e9jour raffin\u00e9 en plein Marais.\",\"breadcrumb\":{\"@id\":\"https:\/\/www.duo-paris.com\/en\/rooms-suites\/duo-suite\/#breadcrumb\"},\"inLanguage\":\"en-US\",\"potentialAction\":[{\"@type\":\"ReadAction\",\"target\":[\"https:\/\/www.duo-paris.com\/en\/rooms-suites\/duo-suite\/\"]}]},{\"@type\":\"BreadcrumbList\",\"@id\":\"https:\/\/www.duo-paris.com\/en\/rooms-suites\/duo-suite\/#breadcrumb\",\"itemListElement\":[{\"@type\":\"ListItem\",\"position\":1,\"name\":\"Home\",\"item\":\"https:\/\/www.duo-paris.com\/en\/\"},{\"@type\":\"ListItem\",\"position\":2,\"name\":\"Rooms &amp; Suites\",\"item\":\"https:\/\/www.duo-paris.com\/en\/rooms-suites\/\"},{\"@type\":\"ListItem\",\"position\":3,\"name\":\"Duo Suite\"}]},{\"@type\":\"WebSite\",\"@id\":\"https:\/\/www.duo-paris.com\/en\/#website\",\"url\":\"https:\/\/www.duo-paris.com\/en\/\",\"name\":\"Hotel Duo Paris\",\"description\":\"\",\"publisher\":{\"@id\":\"https:\/\/www.duo-paris.com\/en\/#organization\"},\"potentialAction\":[{\"@type\":\"SearchAction\",\"target\":{\"@type\":\"EntryPoint\",\"urlTemplate\":\"https:\/\/www.duo-paris.com\/en\/?s={search_term_string}\"},\"query-input\":\"required name=search_term_string\"}],\"inLanguage\":\"en-US\"},{\"@type\":\"Organization\",\"@id\":\"https:\/\/www.duo-paris.com\/en\/#organization\",\"name\":\"Hotel Duo Paris\",\"url\":\"https:\/\/www.duo-paris.com\/en\/\",\"logo\":{\"@type\":\"ImageObject\",\"inLanguage\":\"en-US\",\"@id\":\"https:\/\/www.duo-paris.com\/en\/#\/schema\/logo\/image\/\",\"url\":\"https:\/\/hotel-duo-paris.ms2.decms.eu\/wp-content\/uploads\/sites\/173\/2024\/11\/Logo-Hotel-Duo.png\",\"contentUrl\":\"https:\/\/hotel-duo-paris.ms2.decms.eu\/wp-content\/uploads\/sites\/173\/2024\/11\/Logo-Hotel-Duo.png\",\"width\":274,\"height\":166,\"caption\":\"Hotel Duo Paris\"},\"image\":{\"@id\":\"https:\/\/www.duo-paris.com\/en\/#\/schema\/logo\/image\/\"},\"sameAs\":[\"https:\/\/www.facebook.com\/HotelDuoParis\/\",\"https:\/\/www.instagram.com\/hotelduoparis\/\",\"https:\/\/www.linkedin.com\/company\/htel-duo?originalSubdomain=fr\"]}]}<\/script>\n<!-- \/ Yoast SEO plugin. -->","yoast_head_json":{"title":"Chambres \u00c9l\u00e9gantes et Modernes \u00e0 l'H\u00f4tel DUO | Confort au C\u0153ur de Paris","description":"D\u00e9couvrez les chambres modernes de l'H\u00f4tel DUO \u00e0 Paris, avec design \u00e9l\u00e9gant, produits Nuxe et \u00e9quipements premium pour un s\u00e9jour raffin\u00e9 en plein Marais.","robots":{"index":"index","follow":"follow","max-snippet":"max-snippet:-1","max-image-preview":"max-image-preview:large","max-video-preview":"max-video-preview:-1"},"canonical":"https:\/\/www.duo-paris.com\/en\/rooms-suites\/duo-suite\/","og_locale":"en_US","og_type":"article","og_title":"Chambres \u00c9l\u00e9gantes et Modernes \u00e0 l'H\u00f4tel DUO | Confort au C\u0153ur de Paris","og_description":"D\u00e9couvrez les chambres modernes de l'H\u00f4tel DUO \u00e0 Paris, avec design \u00e9l\u00e9gant, produits Nuxe et \u00e9quipements premium pour un s\u00e9jour raffin\u00e9 en plein Marais.","og_url":"https:\/\/www.duo-paris.com\/en\/rooms-suites\/duo-suite\/","og_site_name":"Hotel Duo Paris","article_publisher":"https:\/\/www.facebook.com\/HotelDuoParis\/","article_modified_time":"2025-01-27T13:15:00+00:00","twitter_card":"summary_large_image","twitter_misc":{"Est. reading time":"1 minute"},"schema":{"@context":"https:\/\/schema.org","@graph":[{"@type":"WebPage","@id":"https:\/\/www.duo-paris.com\/en\/rooms-suites\/duo-suite\/","url":"https:\/\/www.duo-paris.com\/en\/rooms-suites\/duo-suite\/","name":"Chambres \u00c9l\u00e9gantes et Modernes \u00e0 l'H\u00f4tel DUO | Confort au C\u0153ur de Paris","isPartOf":{"@id":"https:\/\/www.duo-paris.com\/en\/#website"},"datePublished":"2024-10-23T01:19:10+00:00","dateModified":"2025-01-27T13:15:00+00:00","description":"D\u00e9couvrez les chambres modernes de l'H\u00f4tel DUO \u00e0 Paris, avec design \u00e9l\u00e9gant, produits Nuxe et \u00e9quipements premium pour un s\u00e9jour raffin\u00e9 en plein Marais.","breadcrumb":{"@id":"https:\/\/www.duo-paris.com\/en\/rooms-suites\/duo-suite\/#breadcrumb"},"inLanguage":"en-US","potentialAction":[{"@type":"ReadAction","target":["https:\/\/www.duo-paris.com\/en\/rooms-suites\/duo-suite\/"]}]},{"@type":"BreadcrumbList","@id":"https:\/\/www.duo-paris.com\/en\/rooms-suites\/duo-suite\/#breadcrumb","itemListElement":[{"@type":"ListItem","position":1,"name":"Home","item":"https:\/\/www.duo-paris.com\/en\/"},{"@type":"ListItem","position":2,"name":"Rooms &amp; Suites","item":"https:\/\/www.duo-paris.com\/en\/rooms-suites\/"},{"@type":"ListItem","position":3,"name":"Duo Suite"}]},{"@type":"WebSite","@id":"https:\/\/www.duo-paris.com\/en\/#website","url":"https:\/\/www.duo-paris.com\/en\/","name":"Hotel Duo Paris","description":"","publisher":{"@id":"https:\/\/www.duo-paris.com\/en\/#organization"},"potentialAction":[{"@type":"SearchAction","target":{"@type":"EntryPoint","urlTemplate":"https:\/\/www.duo-paris.com\/en\/?s={search_term_string}"},"query-input":"required name=search_term_string"}],"inLanguage":"en-US"},{"@type":"Organization","@id":"https:\/\/www.duo-paris.com\/en\/#organization","name":"Hotel Duo Paris","url":"https:\/\/www.duo-paris.com\/en\/","logo":{"@type":"ImageObject","inLanguage":"en-US","@id":"https:\/\/www.duo-paris.com\/en\/#\/schema\/logo\/image\/","url":"https:\/\/hotel-duo-paris.ms2.decms.eu\/wp-content\/uploads\/sites\/173\/2024\/11\/Logo-Hotel-Duo.png","contentUrl":"https:\/\/hotel-duo-paris.ms2.decms.eu\/wp-content\/uploads\/sites\/173\/2024\/11\/Logo-Hotel-Duo.png","width":274,"height":166,"caption":"Hotel Duo Paris"},"image":{"@id":"https:\/\/www.duo-paris.com\/en\/#\/schema\/logo\/image\/"},"sameAs":["https:\/\/www.facebook.com\/HotelDuoParis\/","https:\/\/www.instagram.com\/hotelduoparis\/","https:\/\/www.linkedin.com\/company\/htel-duo?originalSubdomain=fr"]}]}},"acf":[],"_links":{"self":[{"href":"https:\/\/www.duo-paris.com\/en\/wp-json\/wp\/v2\/pages\/190"}],"collection":[{"href":"https:\/\/www.duo-paris.com\/en\/wp-json\/wp\/v2\/pages"}],"about":[{"href":"https:\/\/www.duo-paris.com\/en\/wp-json\/wp\/v2\/types\/page"}],"author":[{"embeddable":true,"href":"https:\/\/www.duo-paris.com\/en\/wp-json\/wp\/v2\/users\/186"}],"replies":[{"embeddable":true,"href":"https:\/\/www.duo-paris.com\/en\/wp-json\/wp\/v2\/comments?post=190"}],"version-history":[{"count":0,"href":"https:\/\/www.duo-paris.com\/en\/wp-json\/wp\/v2\/pages\/190\/revisions"}],"up":[{"embeddable":true,"href":"https:\/\/www.duo-paris.com\/en\/wp-json\/wp\/v2\/pages\/173"}],"wp:attachment":[{"href":"https:\/\/www.duo-paris.com\/en\/wp-json\/wp\/v2\/media?parent=190"}],"curies":[{"name":"wp","href":"https:\/\/api.w.org\/{rel}","templated":true}]}}