{"id":198,"date":"2024-10-23T01:56:55","date_gmt":"2024-10-23T01:56:55","guid":{"rendered":"https:\/\/hotel-duo-paris.ms2.decms.eu\/les-environs\/"},"modified":"2024-11-04T03:27:19","modified_gmt":"2024-11-04T03:27:19","slug":"surroundings","status":"publish","type":"page","link":"https:\/\/www.duo-paris.com\/en\/surroundings\/","title":{"rendered":"Surroundings"},"content":{"rendered":"<p>The Marais district in Paris is a vibrant blend of history and modernity, known for its picturesque streets, museums, trendy boutiques, art galleries, and lively cultural scene.<\/p>\n","protected":false},"excerpt":{"rendered":"<p>The Marais district in Paris is a vibrant blend of history and modernity, known for its picturesque streets, museums, trendy boutiques, art galleries, and lively cultural scene.<\/p>\n","protected":false},"author":186,"featured_media":0,"parent":0,"menu_order":0,"comment_status":"closed","ping_status":"closed","template":"template-surroundings.php","meta":{"footnotes":""},"yoast_head":"<!-- This site is optimized with the Yoast SEO plugin v22.3 - https:\/\/yoast.com\/wordpress\/plugins\/seo\/ -->\n<title>H\u00f4tel Duo Paris | Le Marais | Surroundings<\/title>\n<meta name=\"description\" content=\"H\u00f4tel Duo in Paris is located in the heart of the city, near the H\u00f4tel de Ville, Place des Vosges, the Georges Pompidou Center, Notre-Dame, and the Seine.\" \/>\n<meta name=\"robots\" content=\"index, follow, max-snippet:-1, max-image-preview:large, max-video-preview:-1\" \/>\n<link rel=\"canonical\" href=\"https:\/\/www.duo-paris.com\/en\/surroundings\/\" \/>\n<meta property=\"og:locale\" content=\"en_US\" \/>\n<meta property=\"og:type\" content=\"article\" \/>\n<meta property=\"og:title\" content=\"H\u00f4tel Duo Paris | Le Marais | Surroundings\" \/>\n<meta property=\"og:description\" content=\"H\u00f4tel Duo in Paris is located in the heart of the city, near the H\u00f4tel de Ville, Place des Vosges, the Georges Pompidou Center, Notre-Dame, and the Seine.\" \/>\n<meta property=\"og:url\" content=\"https:\/\/www.duo-paris.com\/en\/surroundings\/\" \/>\n<meta property=\"og:site_name\" content=\"Hotel Duo Paris\" \/>\n<meta property=\"article:publisher\" content=\"https:\/\/www.facebook.com\/HotelDuoParis\/\" \/>\n<meta property=\"article:modified_time\" content=\"2024-11-04T03:27:19+00:00\" \/>\n<meta name=\"twitter:card\" content=\"summary_large_image\" \/>\n<meta name=\"twitter:label1\" content=\"Est. reading time\" \/>\n\t<meta name=\"twitter:data1\" content=\"1 minute\" \/>\n<script type=\"application\/ld+json\" class=\"yoast-schema-graph\">{\"@context\":\"https:\/\/schema.org\",\"@graph\":[{\"@type\":\"WebPage\",\"@id\":\"https:\/\/www.duo-paris.com\/en\/surroundings\/\",\"url\":\"https:\/\/www.duo-paris.com\/en\/surroundings\/\",\"name\":\"H\u00f4tel Duo Paris | Le Marais | Surroundings\",\"isPartOf\":{\"@id\":\"https:\/\/www.duo-paris.com\/en\/#website\"},\"datePublished\":\"2024-10-23T01:56:55+00:00\",\"dateModified\":\"2024-11-04T03:27:19+00:00\",\"description\":\"H\u00f4tel Duo in Paris is located in the heart of the city, near the H\u00f4tel de Ville, Place des Vosges, the Georges Pompidou Center, Notre-Dame, and the Seine.\",\"breadcrumb\":{\"@id\":\"https:\/\/www.duo-paris.com\/en\/surroundings\/#breadcrumb\"},\"inLanguage\":\"en-US\",\"potentialAction\":[{\"@type\":\"ReadAction\",\"target\":[\"https:\/\/www.duo-paris.com\/en\/surroundings\/\"]}]},{\"@type\":\"BreadcrumbList\",\"@id\":\"https:\/\/www.duo-paris.com\/en\/surroundings\/#breadcrumb\",\"itemListElement\":[{\"@type\":\"ListItem\",\"position\":1,\"name\":\"Home\",\"item\":\"https:\/\/www.duo-paris.com\/en\/\"},{\"@type\":\"ListItem\",\"position\":2,\"name\":\"Surroundings\"}]},{\"@type\":\"WebSite\",\"@id\":\"https:\/\/www.duo-paris.com\/en\/#website\",\"url\":\"https:\/\/www.duo-paris.com\/en\/\",\"name\":\"Hotel Duo Paris\",\"description\":\"\",\"publisher\":{\"@id\":\"https:\/\/www.duo-paris.com\/en\/#organization\"},\"potentialAction\":[{\"@type\":\"SearchAction\",\"target\":{\"@type\":\"EntryPoint\",\"urlTemplate\":\"https:\/\/www.duo-paris.com\/en\/?s={search_term_string}\"},\"query-input\":\"required name=search_term_string\"}],\"inLanguage\":\"en-US\"},{\"@type\":\"Organization\",\"@id\":\"https:\/\/www.duo-paris.com\/en\/#organization\",\"name\":\"Hotel Duo Paris\",\"url\":\"https:\/\/www.duo-paris.com\/en\/\",\"logo\":{\"@type\":\"ImageObject\",\"inLanguage\":\"en-US\",\"@id\":\"https:\/\/www.duo-paris.com\/en\/#\/schema\/logo\/image\/\",\"url\":\"https:\/\/hotel-duo-paris.ms2.decms.eu\/wp-content\/uploads\/sites\/173\/2024\/11\/Logo-Hotel-Duo.png\",\"contentUrl\":\"https:\/\/hotel-duo-paris.ms2.decms.eu\/wp-content\/uploads\/sites\/173\/2024\/11\/Logo-Hotel-Duo.png\",\"width\":274,\"height\":166,\"caption\":\"Hotel Duo Paris\"},\"image\":{\"@id\":\"https:\/\/www.duo-paris.com\/en\/#\/schema\/logo\/image\/\"},\"sameAs\":[\"https:\/\/www.facebook.com\/HotelDuoParis\/\",\"https:\/\/www.instagram.com\/hotelduoparis\/\",\"https:\/\/www.linkedin.com\/company\/htel-duo?originalSubdomain=fr\"]}]}<\/script>\n<!-- \/ Yoast SEO plugin. -->","yoast_head_json":{"title":"H\u00f4tel Duo Paris | Le Marais | Surroundings","description":"H\u00f4tel Duo in Paris is located in the heart of the city, near the H\u00f4tel de Ville, Place des Vosges, the Georges Pompidou Center, Notre-Dame, and the Seine.","robots":{"index":"index","follow":"follow","max-snippet":"max-snippet:-1","max-image-preview":"max-image-preview:large","max-video-preview":"max-video-preview:-1"},"canonical":"https:\/\/www.duo-paris.com\/en\/surroundings\/","og_locale":"en_US","og_type":"article","og_title":"H\u00f4tel Duo Paris | Le Marais | Surroundings","og_description":"H\u00f4tel Duo in Paris is located in the heart of the city, near the H\u00f4tel de Ville, Place des Vosges, the Georges Pompidou Center, Notre-Dame, and the Seine.","og_url":"https:\/\/www.duo-paris.com\/en\/surroundings\/","og_site_name":"Hotel Duo Paris","article_publisher":"https:\/\/www.facebook.com\/HotelDuoParis\/","article_modified_time":"2024-11-04T03:27:19+00:00","twitter_card":"summary_large_image","twitter_misc":{"Est. reading time":"1 minute"},"schema":{"@context":"https:\/\/schema.org","@graph":[{"@type":"WebPage","@id":"https:\/\/www.duo-paris.com\/en\/surroundings\/","url":"https:\/\/www.duo-paris.com\/en\/surroundings\/","name":"H\u00f4tel Duo Paris | Le Marais | Surroundings","isPartOf":{"@id":"https:\/\/www.duo-paris.com\/en\/#website"},"datePublished":"2024-10-23T01:56:55+00:00","dateModified":"2024-11-04T03:27:19+00:00","description":"H\u00f4tel Duo in Paris is located in the heart of the city, near the H\u00f4tel de Ville, Place des Vosges, the Georges Pompidou Center, Notre-Dame, and the Seine.","breadcrumb":{"@id":"https:\/\/www.duo-paris.com\/en\/surroundings\/#breadcrumb"},"inLanguage":"en-US","potentialAction":[{"@type":"ReadAction","target":["https:\/\/www.duo-paris.com\/en\/surroundings\/"]}]},{"@type":"BreadcrumbList","@id":"https:\/\/www.duo-paris.com\/en\/surroundings\/#breadcrumb","itemListElement":[{"@type":"ListItem","position":1,"name":"Home","item":"https:\/\/www.duo-paris.com\/en\/"},{"@type":"ListItem","position":2,"name":"Surroundings"}]},{"@type":"WebSite","@id":"https:\/\/www.duo-paris.com\/en\/#website","url":"https:\/\/www.duo-paris.com\/en\/","name":"Hotel Duo Paris","description":"","publisher":{"@id":"https:\/\/www.duo-paris.com\/en\/#organization"},"potentialAction":[{"@type":"SearchAction","target":{"@type":"EntryPoint","urlTemplate":"https:\/\/www.duo-paris.com\/en\/?s={search_term_string}"},"query-input":"required name=search_term_string"}],"inLanguage":"en-US"},{"@type":"Organization","@id":"https:\/\/www.duo-paris.com\/en\/#organization","name":"Hotel Duo Paris","url":"https:\/\/www.duo-paris.com\/en\/","logo":{"@type":"ImageObject","inLanguage":"en-US","@id":"https:\/\/www.duo-paris.com\/en\/#\/schema\/logo\/image\/","url":"https:\/\/hotel-duo-paris.ms2.decms.eu\/wp-content\/uploads\/sites\/173\/2024\/11\/Logo-Hotel-Duo.png","contentUrl":"https:\/\/hotel-duo-paris.ms2.decms.eu\/wp-content\/uploads\/sites\/173\/2024\/11\/Logo-Hotel-Duo.png","width":274,"height":166,"caption":"Hotel Duo Paris"},"image":{"@id":"https:\/\/www.duo-paris.com\/en\/#\/schema\/logo\/image\/"},"sameAs":["https:\/\/www.facebook.com\/HotelDuoParis\/","https:\/\/www.instagram.com\/hotelduoparis\/","https:\/\/www.linkedin.com\/company\/htel-duo?originalSubdomain=fr"]}]}},"acf":[],"_links":{"self":[{"href":"https:\/\/www.duo-paris.com\/en\/wp-json\/wp\/v2\/pages\/198"}],"collection":[{"href":"https:\/\/www.duo-paris.com\/en\/wp-json\/wp\/v2\/pages"}],"about":[{"href":"https:\/\/www.duo-paris.com\/en\/wp-json\/wp\/v2\/types\/page"}],"author":[{"embeddable":true,"href":"https:\/\/www.duo-paris.com\/en\/wp-json\/wp\/v2\/users\/186"}],"replies":[{"embeddable":true,"href":"https:\/\/www.duo-paris.com\/en\/wp-json\/wp\/v2\/comments?post=198"}],"version-history":[{"count":0,"href":"https:\/\/www.duo-paris.com\/en\/wp-json\/wp\/v2\/pages\/198\/revisions"}],"wp:attachment":[{"href":"https:\/\/www.duo-paris.com\/en\/wp-json\/wp\/v2\/media?parent=198"}],"curies":[{"name":"wp","href":"https:\/\/api.w.org\/{rel}","templated":true}]}}