{"id":204,"date":"2024-10-23T01:47:48","date_gmt":"2024-10-23T01:47:48","guid":{"rendered":"https:\/\/hotel-duo-paris.ms2.decms.eu\/mentions-legales-et-politique-de-confidentialite\/"},"modified":"2024-11-04T03:33:05","modified_gmt":"2024-11-04T03:33:05","slug":"legal-notice-and-privacy-policy","status":"publish","type":"page","link":"https:\/\/www.duo-paris.com\/en\/legal-notice-and-privacy-policy\/","title":{"rendered":"Legal Notice and Privacy Policy"},"content":{"rendered":"<p>URL: duo-paris.com<\/p>\n<p>Company, organization: HOTEL DUO SA AXIAL BEAUBOURG<\/p>\n<p>Registered Offices:<\/p>\n<p>Hotel Duo<\/p>\n<p>11, rue du Temple<\/p>\n<p>75004 Paris &#8211; France<\/p>\n<p>Tel: +33 1 42 72 72 22<\/p>\n<p>Fax: +33 1 42 72 03 53<\/p>\n<p>contact@duoparis.com<\/p>\n<p>Share capital: 597 600 EURO<\/p>\n<p>RCS (Companies register): B 352 757 074 00013<\/p>\n<p>EU VAT number: FR70 352 575 074<\/p>\n<p>SIRET: 352 757 074 00013<\/p>\n<p>Purpose of site: Promotion of the establishment<\/p>\n<p>Director of publication, legal representative: M. Daubet Edouard<\/p>\n<p>Editorial Manager: Ms. V\u00e9ronique Turmel<\/p>\n<p>Web master, design, editing, artistic direction: D-Edge<\/p>\n<p>Photography:  S. Provost<\/p>\n<p>Web hosting: D-Edge<\/p>\n<p>The site presents:<\/p>\n<p>\u25cf Informative content<\/p>\n<p>Toute prestation fera l\u2019objet d\u2019un enregistrement accessible par le Client sur simple demande \u00e0 l\u2019adresse suivante contact@duoparis.com.<\/p>\n<p>Conform\u00e9ment \u00e0 la Loi 78-17 \u00ab Informatique et Libert\u00e9s \u00bb du 6 janvier 1978 modifi\u00e9e, les clients disposent d\u2019un droit d\u2019acc\u00e8s, de rectification et d\u2019opposition aux donn\u00e9es personnelles trait\u00e9es les concernant. Le Client peut \u00e9galement refuser le traitement, solliciter une limitation de celui-ci ou demander la suppression (dans les limites des dur\u00e9es l\u00e9gales de conservation) des donn\u00e9es \u00e0 caract\u00e8re personnel. Ce droit peut \u00eatre exerc\u00e9 sur simple demande \u00e9crite \u00e0 contact@duoparis.com qui r\u00e9pondra aux demandes formul\u00e9es. La finalit\u00e9 du traitement des donn\u00e9es personnelles collect\u00e9es correspond aux obligations relatives aux prestations r\u00e9alis\u00e9es (gestion clients, prospection commerciale) Les donn\u00e9es personnelles seront conserv\u00e9es \u00e0 des fins de prospection commerciale au maximum pendant 3 ans \u00e0 compter de la derni\u00e8re relation eue avec nos services. Certaines donn\u00e9es personnelles peuvent \u00eatre collect\u00e9es pour des services fournis par des prestataires de l\u2019h\u00f4tel. Dans le cadre du R\u00e8glement G\u00e9n\u00e9ral sur la Protection des Donn\u00e9es (dit \u00ab RGPD \u00bb), la soci\u00e9t\u00e9 SA AXIAL BEAUBOURG \u2013 HOTEL DUO s\u2019est dot\u00e9 d\u2019une politique de protection des donn\u00e9es personnelles des Clients r\u00e9sum\u00e9e par cette Charte.<\/p>\n<p>1. Responsable du traitement<\/p>\n<p>Les donn\u00e9es \u00e0 caract\u00e8re personnel sont collect\u00e9es par la soci\u00e9t\u00e9 : Sa Axial Beaubourg au capital de 597 600,00 \u20ac dont le si\u00e8ge social est 11 rue du Temple 75004 Paris \u2013 FRANCE, immatricul\u00e9e au RCS de Paris sous le num\u00e9ro B 352 757 074.<\/p>\n<p>2. Donn\u00e9es collect\u00e9es<\/p>\n<p>Nous collectons et traitons les donn\u00e9es suivantes :<\/p>\n<p>&#8211; Votre identit\u00e9 (civilit\u00e9, nom, pr\u00e9noms, adresse, num\u00e9ros de t\u00e9l\u00e9phone, email, date de naissance, adresse IP). Une copie d\u2019un titre d\u2019identit\u00e9 peut \u00e9galement \u00eatre conserv\u00e9e aux fins de preuve de l\u2019exercice d\u2019un droit d\u2019acc\u00e8s, de rectification ou d\u2019opposition ou pour r\u00e9pondre \u00e0 une obligation l\u00e9gale ;<\/p>\n<p>&#8211; Vos donn\u00e9es de navigation ;<\/p>\n<p>&#8211; Les donn\u00e9es relatives \u00e0 vos moyens de paiement (RIB, num\u00e9ro de ch\u00e8que, num\u00e9ro de carte bancaire, date de fin de validit\u00e9 de la carte bancaire, cryptogramme visuel\u2026) ;<\/p>\n<p>&#8211; Les donn\u00e9es relatives aux transactions r\u00e9alis\u00e9es sur nos sites internet et directement au sein de nos \u00e9tablissements ;<\/p>\n<p>&#8211; Les donn\u00e9es relatives au suivi de la relation commerciale, celles n\u00e9cessaires \u00e0 la r\u00e9alisation des actions de fid\u00e9lisation, de prospection, d\u2019\u00e9tude, de sondage et de promotion ;<\/p>\n<p>&#8211; Les donn\u00e9es de g\u00e9olocalisation.<\/p>\n<p>La collecte d\u2019informations sur des personnes mineures ne concernera que leur nom, pr\u00e9nom, nationalit\u00e9 et date de naissance et ne pourront \u00eatre transmises que par une personne majeure capable juridiquement. En cons\u00e9quence, il est de votre responsabilit\u00e9 de vous assurer que vos enfants ne nous transmettent aucune donn\u00e9e personnelle sans votre autorisation.<\/p>\n<p>3. Cookies<\/p>\n<p>Ce site Internet utilise des cookies pour collecter des donn\u00e9es utilis\u00e9es \u00e0 des fins statistiques. Les cookies sont de petits fichiers stock\u00e9s sur le disque dur de votre ordinateur ; lorsque vous naviguez sur notre site, ils contr\u00f4lent votre activit\u00e9 et nous fournissent ainsi des donn\u00e9es cl\u00e9s nous permettant de faciliter la navigation. Si des cookies sont stock\u00e9s sur votre ordinateur, vous n\u2019aurez pas besoin d\u2019entrer toutes les donn\u00e9es requises pour acc\u00e9der \u00e0 ce site \u00e0 chaque fois que vous le visitez. Ces donn\u00e9es nous permettent de personnaliser notre site Internet afin qu\u2019il corresponde \u00e0 vos go\u00fbts et \u00e0 vos besoins ; cette d\u00e9marche s\u2019inscrit dans l\u2019ensemble des efforts que nous faisons pour vous offrir un acc\u00e8s fluide \u00e0 nos pages et \u00e0 nos services. Si vous ne d\u00e9sirez pas que des cookies soient enregistr\u00e9s sur votre ordinateur, vous pouvez utiliser la configuration du navigateur pour bloquer les cookies de notre site. Pour savoir comment configurer votre navigateur concernant la gestion des cookies, veuillez-vous rendre sur le centre d\u2019aide de votre navigateur. Vous pouvez supprimer les cookies d\u00e9j\u00e0 enregistr\u00e9s sur votre ordinateur lorsque vous le souhaitez. Veuillez noter que le blocage des cookies peut limiter l\u2019acc\u00e8s \u00e0 certaines fonctions de notre site et entra\u00eener une exp\u00e9rience rationalis\u00e9e amoindrie.<\/p>\n<p>4. Finalit\u00e9s du traitement des donn\u00e9es<\/p>\n<p>Le traitement des donn\u00e9es \u00e0 caract\u00e8re personnel que vous nous communiquez sur le site internet, le site mobile, les applications mobiles ou tout autre support peut avoir tout ou partie des finalit\u00e9s suivantes :<\/p>\n<p>&#8211; Adapter et am\u00e9liorer nos services (enqu\u00eates de satisfaction, gestion des r\u00e9clamations,\u2026) ;<\/p>\n<p>&#8211; G\u00e9rer notre relation avec nos prospects (action de prospection, sollicitations, etc\u2026) ;<\/p>\n<p>&#8211; Nous conformer \u00e0 nos obligations l\u00e9gales (fiche de Police, etc\u2026) ;<\/p>\n<p>&#8211; S\u00e9curiser et am\u00e9liorer votre utilisation de notre site internet ;<\/p>\n<p>&#8211; G\u00e9rer vos demandes de droit d\u2019acc\u00e8s, de rectification et d\u2019opposition ;<\/p>\n<p>&#8211; A titre garantie pour la r\u00e9servation des chambres.<\/p>\n<p>5. Destinataires des donn\u00e9es<\/p>\n<p>Les donn\u00e9es \u00e0 caract\u00e8re personnel que vous nous communiquez sur le site internet, le site mobile et les applications mobiles, peuvent \u00eatre transmises, dans la limite de leurs attributions respectives :<\/p>\n<p>&#8211; Aux collaborateurs de SA Axial Beaubourg (Service Commercial, Service Revenue Management et Web, Service Informatique, Service Communication, Service Op\u00e9rations, Service Juridique, Service Financier, etc\u2026)<\/p>\n<p>&#8211; Aux prestataires de services et partenaires habilit\u00e9s de SA Axial Beaubourg (banques, sous-traitants informatiques, OTA, etc\u2026) \u00e0 qui il est demand\u00e9 de mettre en place des mesures strictes de confidentialit\u00e9 et de protection de ces donn\u00e9es,<\/p>\n<p>&#8211; Aux autorit\u00e9s comp\u00e9tentes conform\u00e9ment \u00e0 une obligation l\u00e9gale ou \u00e0 une demande l\u00e9gale \u00e9manant d\u2019une autorit\u00e9 publique.<\/p>\n<p>En tout \u00e9tat de cause, les informations recueillies au travers de notre site Internet ne sont utilis\u00e9es et ne font l&#8217;objet de communication ext\u00e9rieure que pour les seules finalit\u00e9s d\u00e9taill\u00e9es ci-dessus ou pour satisfaire aux obligations l\u00e9gales et r\u00e9glementaires.<\/p>\n<p>6. Dur\u00e9e de conservation<\/p>\n<p>Les donn\u00e9es \u00e0 caract\u00e8re personnel que nous collectons aupr\u00e8s de nos clients ne peuvent \u00eatre conserv\u00e9es au-del\u00e0 de la dur\u00e9e de conservation strictement n\u00e9cessaire \u00e0 la gestion de la relation commerciale.<\/p>\n<p>Par ailleurs les donn\u00e9es des clients utilis\u00e9es \u00e0 des fins de prospection commerciale sont conserv\u00e9es pendant un d\u00e9lai de trois ans \u00e0 compter de la fin de la relation commerciale.<\/p>\n<p>Celles relatives \u00e0 un prospect non-client sont conserv\u00e9es pendant un d\u00e9lai de trois ans \u00e0 compter du dernier contact \u00e9manant du prospect.<\/p>\n<p>7. R\u00e9seaux sociaux<\/p>\n<p>Si vous utilisez des fonctionnalit\u00e9s li\u00e9es aux m\u00e9dias sociaux (Twitter, Facebook, Google +, Linkedin, etc\u2026) sur notre site internet, et compte tenu du partage de donn\u00e9es que cela implique, les prestataires de ces m\u00e9dias sociaux pourront nous envoyer des informations vous concernant que vous auriez choisi de rendre public lors de votre inscription, qui d\u00e9pendent de leurs politiques de confidentialit\u00e9 respectives. Vous pouvez modifier vos param\u00e8tres et pr\u00e9f\u00e9rences de confidentialit\u00e9 correspondants sur les sites internet desdits r\u00e9seaux sociaux si vous souhaitez interrompre ce partage de donn\u00e9es. Nous vous invitons \u00e0 consulter les politiques de protection de la vie priv\u00e9e de ces r\u00e9seaux sociaux afin de prendre connaissance des finalit\u00e9s d&#8217;utilisation, notamment publicitaires, des informations de navigation qu&#8217;ils peuvent recueillir gr\u00e2ce \u00e0 ces boutons applicatifs.<\/p>\n<p>8. Recours et droits du client<\/p>\n<p>Conform\u00e9ment aux dispositions des articles 15 \u00e0 21 du R\u00e8glement UE 2016\/679 du Parlement europ\u00e9en du 27 avril 2016 (RGPD), le client dispose d\u2019un droit d\u2019acc\u00e8s, de rectification, d\u2019effacement, de limitation, de portabilit\u00e9 et d\u2019opposition.<\/p>\n<p>Vous pouvez exercer ce droit aupr\u00e8s de notre Direction G\u00e9n\u00e9rale \u00e0 l\u2019adresse mail contact@duoparis.com ou \u00e0 l\u2019adresse postale suivante : HOTEL DUO, 11 rue du Temple, Paris 75004.<\/p>\n<p>Si vous constatez une irr\u00e9gularit\u00e9 dans le traitement de vos donn\u00e9es, vous pouvez introduire une r\u00e9clamation aupr\u00e8s de la Commission Nationale de l\u2019Informatique et des Libert\u00e9s (\u00ab CNIL \u00bb).<\/p>\n<p>Conditions de vente<\/p>\n<p>Toute personne souhaitant loger \u00e0 l\u2019H\u00f4tel Duo est tenue de faire conna\u00eetre son identit\u00e9, ainsi que celle des personnes qui l&#8217;accompagnent. Nous demandons \u00e0 tous nos clients de remplir une fiche police dont le mod\u00e8le est fix\u00e9 par arr\u00eat\u00e9 conjoint du ministre de l\u2019Int\u00e9rieur, du ministre charg\u00e9 de l&#8217;immigration et du ministre charg\u00e9 du tourisme.<\/p>\n<p>L\u2019h\u00f4telier a la libert\u00e9 de ne pas recevoir les clients dont le comportement est inappropri\u00e9, ou contraires aux bonnes m\u0153urs et \u00e0 l\u2019ordre public.<\/p>\n<p>Une empreinte de carte de cr\u00e9dit en cours de validit\u00e9 est syst\u00e9matiquement demand\u00e9e et prise \u00e0 la r\u00e9servation avant occupation de chambre en tant que garantie.<\/p>\n<p>La prestation de logement est payable avant la prise en possession des lieux. Pour les locations de longue dur\u00e9e, les notes doivent \u00eatre r\u00e9gl\u00e9es chaque d\u00e9but de semaine.<\/p>\n<p>Moyens de paiement accept\u00e9s :<\/p>\n<p>&#8211; Carte Bleue Visa, Mastercard ou American Express.<\/p>\n<p>&#8211; Esp\u00e8ces<\/p>\n<p>L&#8217;\u00e9tablissement n&#8217;accepte pas les ch\u00e8ques bancaires ou ch\u00e8ques vacances.<\/p>\n<p>Le client \u00e0 l&#8217;arriv\u00e9e ou en r\u00e9sidence causant du d\u00e9sordre sous quelque forme que ce soit, sera invit\u00e9 \u00e0 quitter l\u2019h\u00f4tel imm\u00e9diatement et sans remboursement.<\/p>\n<p>Une chambre d&#8217;h\u00f4tel est un lieu de repos. De mani\u00e8re g\u00e9n\u00e9rale, merci de respecter la tranquillit\u00e9 des autres clients.<\/p>\n<p>Tout bruit de voisinage li\u00e9 au comportement d&#8217;une personne sous sa responsabilit\u00e9, pourra amener l&#8217;h\u00f4telier \u00e0 inviter le client \u00e0 quitter l&#8217;\u00e9tablissement, d\u00e8s lors que le bruit engendr\u00e9 est de nature \u00e0 porter atteinte \u00e0 la tranquillit\u00e9 de la client\u00e8le (art. R.1334-30 et R.1334-31 du Code de la Sant\u00e9 Publique).<\/p>\n<p>En cas de souillures abusives de la chambre ou du linge de maison, un montant suppl\u00e9mentaire peut vous \u00eatre factur\u00e9, notamment, en cas de t\u00e2ches difficiles ou ind\u00e9l\u00e9biles sur le linge de maison (maquillage, cirage, teinture, sang&#8230;), celui-ci sera factur\u00e9 au co\u00fbt de remplacement.<\/p>\n<p>En cas de non-respect des conditions de vente, le client sera invit\u00e9 \u00e0 quitter l\u2019h\u00f4tel sans pouvoir exiger de remboursement. L\u2019h\u00f4tel se r\u00e9serve le droit de pr\u00e9lever le montant des consommations non d\u00e9clar\u00e9es au d\u00e9part ainsi que les d\u00e9g\u00e2ts en chambre. Ce montant sera pr\u00e9lev\u00e9 sur l\u2019empreinte bancaire fournie \u00e0 la r\u00e9servation ou \u00e0 l\u2019arriv\u00e9e. L\u2019h\u00f4tel en avertira au pr\u00e9alable le client et pourra lui fournir sur demande une facture.<\/p>\n<p>Les conditions de vente de l\u2019h\u00f4tel s\u2019appliquent \u00e0 l\u2019ensemble des r\u00e9servations.<\/p>\n<p>Veuillez noter que toutes les demandes sp\u00e9ciales seront satisfaites sous r\u00e9serve de disponibilit\u00e9 et pourront entra\u00eener des frais suppl\u00e9mentaires.<\/p>\n<p>Dans le cadre de la loi informatique et libert\u00e9s, vous acceptez que les donn\u00e9es personnelles vous concernant soient conserv\u00e9es par la soci\u00e9t\u00e9 et, le cas \u00e9ch\u00e9ant, vous autorisez cette derni\u00e8re \u00e0 les transf\u00e9rer aux prestataires qu\u2019elle aura d\u00e9sign\u00e9s pour une meilleure l\u2019organisation de votre s\u00e9jour. Pour en savoir plus sur le traitement de vos donn\u00e9es et sur l\u2019ensemble de vos droits concernant vos donn\u00e9es personnelles, veuillez consulter notre politique de protection des donn\u00e9es : www.duo-paris.com<\/p>\n<p>Tout s\u00e9jour entra\u00eene l\u2019acceptation des conditions particuli\u00e8res et du r\u00e8glement int\u00e9rieur de l\u2019H\u00f4tel Duo. Le non-respect des dispositions ci-dessus entra\u00eene la r\u00e9siliation imm\u00e9diate du contrat.<\/p>\n<p>R\u00e8glement en ligne des litiges :<\/p>\n<p>Conform\u00e9ment au R\u00e8glement (UE) n\u00ba 524\/2013 du Parlement europ\u00e9en et du Conseil du 21 mai 2013 relatif au r\u00e8glement en ligne des litiges de consommation et modifiant le r\u00e8glement (CE) n\u00ba 2006\/2004 et la directive 2009\/22\/CE, nous vous informons de l\u2019existence d\u2019une plate-forme europ\u00e9enne de r\u00e8glement en ligne des litiges offrant un r\u00e8glement extrajudiciaire des dits litiges pour les contrats pass\u00e9s en ligne entre les r\u00e9sidents au sein de l\u2019UE et notre \u00e9tablissement de mani\u00e8re ind\u00e9pendante, impartiale, transparente, efficace et \u00e9quitable.<\/p>\n<p>La plate-forme (http:\/\/ec.europa.eu\/odr) est un site Web interactif et multilingue, qui offre de mani\u00e8re gratuite un point unique d\u2019acc\u00e8s aux clients r\u00e9sidents au sein de l\u2019UE et notre \u00e9tablissement pour le r\u00e8glement extrajudiciaire de litiges contractuels d\u00e9riv\u00e9s de s\u00e9jours r\u00e9serv\u00e9s en ligne.<\/p>\n<p>Nous informons \u00e9galement le client qu\u2019il peut adresser sa r\u00e9clamation aupr\u00e8s de notre \u00e9tablissement \u00e0 travers le formulaire disponible sur notre site Web.<\/p>\n<p>M\u00e9diateur de la consommation :<\/p>\n<p>Conform\u00e9ment aux Articles L. 616-1 et R. 111-1 6\u00b0 du Code de la consommation, apr\u00e8s avoir saisi le service clients de l\u2019h\u00f4tel et \u00e0 d\u00e9faut de r\u00e9ponse satisfaisante dans un d\u00e9lai de 15 jours ouvr\u00e9s, le client est en droit de saisir le M\u00e9diateur du Tourisme et du Voyage, dont les coordonn\u00e9es sont actuellement les suivantes :<\/p>\n<p>l&#8217;Association des M\u00e9diateurs Europ\u00e9ens (AME)<\/p>\n<p>197 Boulevard Saint Germain<\/p>\n<p>75007 Paris<\/p>\n<p>Site internet : https:\/\/www.mediationconso-ame.com\/<\/p>\n<p>Opposition au d\u00e9marchage t\u00e9l\u00e9phonique :<\/p>\n<p>Conform\u00e9ment \u00e0 l\u2019article L.223-1 du code de la consommation, les clients qui ne souhaitent pas faire l\u2019objet de prospection commerciale par voie t\u00e9l\u00e9phonique peuvent s\u2019inscrire gratuitement sur une liste d\u2019opposition au d\u00e9marchage t\u00e9l\u00e9phonique. Cette liste est accessible via le site internet suivant : www.bloctel.gouv.fr.<\/p>\n<p>Conform\u00e9ment \u00e0 l\u2019article L 221-28 du Code de la consommation, le client ne dispose pas de droit de r\u00e9tractation sur les prestations de services d\u2019h\u00e9bergement et de restauration<\/p>\n","protected":false},"excerpt":{"rendered":"<p>URL: duo-paris.com Company, organization: HOTEL DUO SA AXIAL BEAUBOURG Registered Offices: Hotel Duo 11, rue du Temple 75004 Paris &#8211; France Tel: +33 1 42 72 72 22 Fax: +33 1 42 72 03 53 contact@duoparis.com Share capital: 597 600 EURO RCS (Companies register): B 352 757 074 00013 EU VAT number: FR70 352 575 [&hellip;]<\/p>\n","protected":false},"author":186,"featured_media":0,"parent":0,"menu_order":25,"comment_status":"closed","ping_status":"closed","template":"","meta":{"footnotes":""},"yoast_head":"<!-- This site is optimized with the Yoast SEO plugin v22.3 - https:\/\/yoast.com\/wordpress\/plugins\/seo\/ -->\n<title>Legal Information &amp; Terms | Hotel DUO | Paris<\/title>\n<meta name=\"description\" content=\"Explore the legal notice, privacy policy, and terms of service for Hotel DUO in Paris. Learn about data protection and booking conditions.\" \/>\n<meta name=\"robots\" content=\"index, follow, max-snippet:-1, max-image-preview:large, max-video-preview:-1\" \/>\n<link rel=\"canonical\" href=\"https:\/\/www.duo-paris.com\/en\/legal-notice-and-privacy-policy\/\" \/>\n<meta property=\"og:locale\" content=\"en_US\" \/>\n<meta property=\"og:type\" content=\"article\" \/>\n<meta property=\"og:title\" content=\"Legal Information &amp; Terms | Hotel DUO | Paris\" \/>\n<meta property=\"og:description\" content=\"Explore the legal notice, privacy policy, and terms of service for Hotel DUO in Paris. Learn about data protection and booking conditions.\" \/>\n<meta property=\"og:url\" content=\"https:\/\/www.duo-paris.com\/en\/legal-notice-and-privacy-policy\/\" \/>\n<meta property=\"og:site_name\" content=\"Hotel Duo Paris\" \/>\n<meta property=\"article:publisher\" content=\"https:\/\/www.facebook.com\/HotelDuoParis\/\" \/>\n<meta property=\"article:modified_time\" content=\"2024-11-04T03:33:05+00:00\" \/>\n<meta name=\"twitter:card\" content=\"summary_large_image\" \/>\n<meta name=\"twitter:label1\" content=\"Est. reading time\" \/>\n\t<meta name=\"twitter:data1\" content=\"10 minutes\" \/>\n<script type=\"application\/ld+json\" class=\"yoast-schema-graph\">{\"@context\":\"https:\/\/schema.org\",\"@graph\":[{\"@type\":\"WebPage\",\"@id\":\"https:\/\/www.duo-paris.com\/en\/legal-notice-and-privacy-policy\/\",\"url\":\"https:\/\/www.duo-paris.com\/en\/legal-notice-and-privacy-policy\/\",\"name\":\"Legal Information & Terms | Hotel DUO | Paris\",\"isPartOf\":{\"@id\":\"https:\/\/www.duo-paris.com\/en\/#website\"},\"datePublished\":\"2024-10-23T01:47:48+00:00\",\"dateModified\":\"2024-11-04T03:33:05+00:00\",\"description\":\"Explore the legal notice, privacy policy, and terms of service for Hotel DUO in Paris. Learn about data protection and booking conditions.\",\"breadcrumb\":{\"@id\":\"https:\/\/www.duo-paris.com\/en\/legal-notice-and-privacy-policy\/#breadcrumb\"},\"inLanguage\":\"en-US\",\"potentialAction\":[{\"@type\":\"ReadAction\",\"target\":[\"https:\/\/www.duo-paris.com\/en\/legal-notice-and-privacy-policy\/\"]}]},{\"@type\":\"BreadcrumbList\",\"@id\":\"https:\/\/www.duo-paris.com\/en\/legal-notice-and-privacy-policy\/#breadcrumb\",\"itemListElement\":[{\"@type\":\"ListItem\",\"position\":1,\"name\":\"Home\",\"item\":\"https:\/\/www.duo-paris.com\/en\/\"},{\"@type\":\"ListItem\",\"position\":2,\"name\":\"Legal Notice and Privacy Policy\"}]},{\"@type\":\"WebSite\",\"@id\":\"https:\/\/www.duo-paris.com\/en\/#website\",\"url\":\"https:\/\/www.duo-paris.com\/en\/\",\"name\":\"Hotel Duo Paris\",\"description\":\"\",\"publisher\":{\"@id\":\"https:\/\/www.duo-paris.com\/en\/#organization\"},\"potentialAction\":[{\"@type\":\"SearchAction\",\"target\":{\"@type\":\"EntryPoint\",\"urlTemplate\":\"https:\/\/www.duo-paris.com\/en\/?s={search_term_string}\"},\"query-input\":\"required name=search_term_string\"}],\"inLanguage\":\"en-US\"},{\"@type\":\"Organization\",\"@id\":\"https:\/\/www.duo-paris.com\/en\/#organization\",\"name\":\"Hotel Duo Paris\",\"url\":\"https:\/\/www.duo-paris.com\/en\/\",\"logo\":{\"@type\":\"ImageObject\",\"inLanguage\":\"en-US\",\"@id\":\"https:\/\/www.duo-paris.com\/en\/#\/schema\/logo\/image\/\",\"url\":\"https:\/\/hotel-duo-paris.ms2.decms.eu\/wp-content\/uploads\/sites\/173\/2024\/11\/Logo-Hotel-Duo.png\",\"contentUrl\":\"https:\/\/hotel-duo-paris.ms2.decms.eu\/wp-content\/uploads\/sites\/173\/2024\/11\/Logo-Hotel-Duo.png\",\"width\":274,\"height\":166,\"caption\":\"Hotel Duo Paris\"},\"image\":{\"@id\":\"https:\/\/www.duo-paris.com\/en\/#\/schema\/logo\/image\/\"},\"sameAs\":[\"https:\/\/www.facebook.com\/HotelDuoParis\/\",\"https:\/\/www.instagram.com\/hotelduoparis\/\",\"https:\/\/www.linkedin.com\/company\/htel-duo?originalSubdomain=fr\"]}]}<\/script>\n<!-- \/ Yoast SEO plugin. -->","yoast_head_json":{"title":"Legal Information & Terms | Hotel DUO | Paris","description":"Explore the legal notice, privacy policy, and terms of service for Hotel DUO in Paris. Learn about data protection and booking conditions.","robots":{"index":"index","follow":"follow","max-snippet":"max-snippet:-1","max-image-preview":"max-image-preview:large","max-video-preview":"max-video-preview:-1"},"canonical":"https:\/\/www.duo-paris.com\/en\/legal-notice-and-privacy-policy\/","og_locale":"en_US","og_type":"article","og_title":"Legal Information & Terms | Hotel DUO | Paris","og_description":"Explore the legal notice, privacy policy, and terms of service for Hotel DUO in Paris. Learn about data protection and booking conditions.","og_url":"https:\/\/www.duo-paris.com\/en\/legal-notice-and-privacy-policy\/","og_site_name":"Hotel Duo Paris","article_publisher":"https:\/\/www.facebook.com\/HotelDuoParis\/","article_modified_time":"2024-11-04T03:33:05+00:00","twitter_card":"summary_large_image","twitter_misc":{"Est. reading time":"10 minutes"},"schema":{"@context":"https:\/\/schema.org","@graph":[{"@type":"WebPage","@id":"https:\/\/www.duo-paris.com\/en\/legal-notice-and-privacy-policy\/","url":"https:\/\/www.duo-paris.com\/en\/legal-notice-and-privacy-policy\/","name":"Legal Information & Terms | Hotel DUO | Paris","isPartOf":{"@id":"https:\/\/www.duo-paris.com\/en\/#website"},"datePublished":"2024-10-23T01:47:48+00:00","dateModified":"2024-11-04T03:33:05+00:00","description":"Explore the legal notice, privacy policy, and terms of service for Hotel DUO in Paris. Learn about data protection and booking conditions.","breadcrumb":{"@id":"https:\/\/www.duo-paris.com\/en\/legal-notice-and-privacy-policy\/#breadcrumb"},"inLanguage":"en-US","potentialAction":[{"@type":"ReadAction","target":["https:\/\/www.duo-paris.com\/en\/legal-notice-and-privacy-policy\/"]}]},{"@type":"BreadcrumbList","@id":"https:\/\/www.duo-paris.com\/en\/legal-notice-and-privacy-policy\/#breadcrumb","itemListElement":[{"@type":"ListItem","position":1,"name":"Home","item":"https:\/\/www.duo-paris.com\/en\/"},{"@type":"ListItem","position":2,"name":"Legal Notice and Privacy Policy"}]},{"@type":"WebSite","@id":"https:\/\/www.duo-paris.com\/en\/#website","url":"https:\/\/www.duo-paris.com\/en\/","name":"Hotel Duo Paris","description":"","publisher":{"@id":"https:\/\/www.duo-paris.com\/en\/#organization"},"potentialAction":[{"@type":"SearchAction","target":{"@type":"EntryPoint","urlTemplate":"https:\/\/www.duo-paris.com\/en\/?s={search_term_string}"},"query-input":"required name=search_term_string"}],"inLanguage":"en-US"},{"@type":"Organization","@id":"https:\/\/www.duo-paris.com\/en\/#organization","name":"Hotel Duo Paris","url":"https:\/\/www.duo-paris.com\/en\/","logo":{"@type":"ImageObject","inLanguage":"en-US","@id":"https:\/\/www.duo-paris.com\/en\/#\/schema\/logo\/image\/","url":"https:\/\/hotel-duo-paris.ms2.decms.eu\/wp-content\/uploads\/sites\/173\/2024\/11\/Logo-Hotel-Duo.png","contentUrl":"https:\/\/hotel-duo-paris.ms2.decms.eu\/wp-content\/uploads\/sites\/173\/2024\/11\/Logo-Hotel-Duo.png","width":274,"height":166,"caption":"Hotel Duo Paris"},"image":{"@id":"https:\/\/www.duo-paris.com\/en\/#\/schema\/logo\/image\/"},"sameAs":["https:\/\/www.facebook.com\/HotelDuoParis\/","https:\/\/www.instagram.com\/hotelduoparis\/","https:\/\/www.linkedin.com\/company\/htel-duo?originalSubdomain=fr"]}]}},"acf":[],"_links":{"self":[{"href":"https:\/\/www.duo-paris.com\/en\/wp-json\/wp\/v2\/pages\/204"}],"collection":[{"href":"https:\/\/www.duo-paris.com\/en\/wp-json\/wp\/v2\/pages"}],"about":[{"href":"https:\/\/www.duo-paris.com\/en\/wp-json\/wp\/v2\/types\/page"}],"author":[{"embeddable":true,"href":"https:\/\/www.duo-paris.com\/en\/wp-json\/wp\/v2\/users\/186"}],"replies":[{"embeddable":true,"href":"https:\/\/www.duo-paris.com\/en\/wp-json\/wp\/v2\/comments?post=204"}],"version-history":[{"count":0,"href":"https:\/\/www.duo-paris.com\/en\/wp-json\/wp\/v2\/pages\/204\/revisions"}],"wp:attachment":[{"href":"https:\/\/www.duo-paris.com\/en\/wp-json\/wp\/v2\/media?parent=204"}],"curies":[{"name":"wp","href":"https:\/\/api.w.org\/{rel}","templated":true}]}}