{"id":208,"date":"2024-10-23T03:22:53","date_gmt":"2024-10-23T03:22:53","guid":{"rendered":"https:\/\/hotel-duo-paris.ms2.decms.eu\/nous-contacter\/"},"modified":"2024-12-16T10:21:13","modified_gmt":"2024-12-16T10:21:13","slug":"contact-us","status":"publish","type":"page","link":"https:\/\/www.duo-paris.com\/en\/contact-us\/","title":{"rendered":"Contact us"},"content":{"rendered":"","protected":false},"excerpt":{"rendered":"","protected":false},"author":186,"featured_media":0,"parent":0,"menu_order":21,"comment_status":"closed","ping_status":"closed","template":"template-contacts.php","meta":{"footnotes":""},"class_list":["post-208","page","type-page","status-publish","hentry"],"yoast_head":"<!-- This site is optimized with the Yoast SEO plugin v27.3 - https:\/\/yoast.com\/product\/yoast-seo-wordpress\/ -->\n<title>H\u00f4tel Duo Paris | Le Marais Paris | Contact<\/title>\n<meta name=\"description\" content=\"N\u2019h\u00e9sitez pas \u00e0 contacter l&#039;h\u00f4tel Duo Paris pour toute question relative \u00e0 l\u2019h\u00f4tel ou pour une demande de r\u00e9servation.\" \/>\n<meta name=\"robots\" content=\"index, follow, max-snippet:-1, max-image-preview:large, max-video-preview:-1\" \/>\n<link rel=\"canonical\" href=\"https:\/\/www.duo-paris.com\/en\/contact-us\/\" \/>\n<meta property=\"og:locale\" content=\"en_US\" \/>\n<meta property=\"og:type\" content=\"article\" \/>\n<meta property=\"og:title\" content=\"H\u00f4tel Duo Paris | Le Marais Paris | Contact\" \/>\n<meta property=\"og:description\" content=\"N\u2019h\u00e9sitez pas \u00e0 contacter l&#039;h\u00f4tel Duo Paris pour toute question relative \u00e0 l\u2019h\u00f4tel ou pour une demande de r\u00e9servation.\" \/>\n<meta property=\"og:url\" content=\"https:\/\/www.duo-paris.com\/en\/contact-us\/\" \/>\n<meta property=\"og:site_name\" content=\"Hotel Duo Paris\" \/>\n<meta property=\"article:publisher\" content=\"https:\/\/www.facebook.com\/HotelDuoParis\/\" \/>\n<meta property=\"article:modified_time\" content=\"2024-12-16T10:21:13+00:00\" \/>\n<meta name=\"twitter:card\" content=\"summary_large_image\" \/>\n<script type=\"application\/ld+json\" class=\"yoast-schema-graph\">{\"@context\":\"https:\\\/\\\/schema.org\",\"@graph\":[{\"@type\":\"WebPage\",\"@id\":\"https:\\\/\\\/www.duo-paris.com\\\/en\\\/contact-us\\\/\",\"url\":\"https:\\\/\\\/www.duo-paris.com\\\/en\\\/contact-us\\\/\",\"name\":\"H\u00f4tel Duo Paris | Le Marais Paris | Contact\",\"isPartOf\":{\"@id\":\"https:\\\/\\\/www.duo-paris.com\\\/en\\\/#website\"},\"datePublished\":\"2024-10-23T03:22:53+00:00\",\"dateModified\":\"2024-12-16T10:21:13+00:00\",\"description\":\"N\u2019h\u00e9sitez pas \u00e0 contacter l'h\u00f4tel Duo Paris pour toute question relative \u00e0 l\u2019h\u00f4tel ou pour une demande de r\u00e9servation.\",\"breadcrumb\":{\"@id\":\"https:\\\/\\\/www.duo-paris.com\\\/en\\\/contact-us\\\/#breadcrumb\"},\"inLanguage\":\"en-US\",\"potentialAction\":[{\"@type\":\"ReadAction\",\"target\":[\"https:\\\/\\\/www.duo-paris.com\\\/en\\\/contact-us\\\/\"]}]},{\"@type\":\"BreadcrumbList\",\"@id\":\"https:\\\/\\\/www.duo-paris.com\\\/en\\\/contact-us\\\/#breadcrumb\",\"itemListElement\":[{\"@type\":\"ListItem\",\"position\":1,\"name\":\"Home\",\"item\":\"https:\\\/\\\/www.duo-paris.com\\\/en\\\/\"},{\"@type\":\"ListItem\",\"position\":2,\"name\":\"Contact us\"}]},{\"@type\":\"WebSite\",\"@id\":\"https:\\\/\\\/www.duo-paris.com\\\/en\\\/#website\",\"url\":\"https:\\\/\\\/www.duo-paris.com\\\/en\\\/\",\"name\":\"Hotel Duo Paris\",\"description\":\"\",\"publisher\":{\"@id\":\"https:\\\/\\\/www.duo-paris.com\\\/en\\\/#organization\"},\"potentialAction\":[{\"@type\":\"SearchAction\",\"target\":{\"@type\":\"EntryPoint\",\"urlTemplate\":\"https:\\\/\\\/www.duo-paris.com\\\/en\\\/?s={search_term_string}\"},\"query-input\":{\"@type\":\"PropertyValueSpecification\",\"valueRequired\":true,\"valueName\":\"search_term_string\"}}],\"inLanguage\":\"en-US\"},{\"@type\":\"Organization\",\"@id\":\"https:\\\/\\\/www.duo-paris.com\\\/en\\\/#organization\",\"name\":\"Hotel Duo Paris\",\"url\":\"https:\\\/\\\/www.duo-paris.com\\\/en\\\/\",\"logo\":{\"@type\":\"ImageObject\",\"inLanguage\":\"en-US\",\"@id\":\"https:\\\/\\\/www.duo-paris.com\\\/en\\\/#\\\/schema\\\/logo\\\/image\\\/\",\"url\":\"https:\\\/\\\/hotel-duo-paris.ms2.decms.eu\\\/wp-content\\\/uploads\\\/sites\\\/173\\\/2024\\\/11\\\/Logo-Hotel-Duo.png\",\"contentUrl\":\"https:\\\/\\\/hotel-duo-paris.ms2.decms.eu\\\/wp-content\\\/uploads\\\/sites\\\/173\\\/2024\\\/11\\\/Logo-Hotel-Duo.png\",\"width\":274,\"height\":166,\"caption\":\"Hotel Duo Paris\"},\"image\":{\"@id\":\"https:\\\/\\\/www.duo-paris.com\\\/en\\\/#\\\/schema\\\/logo\\\/image\\\/\"},\"sameAs\":[\"https:\\\/\\\/www.facebook.com\\\/HotelDuoParis\\\/\",\"https:\\\/\\\/www.instagram.com\\\/hotelduoparis\\\/\",\"https:\\\/\\\/www.linkedin.com\\\/company\\\/htel-duo?originalSubdomain=fr\"]}]}<\/script>\n<!-- \/ Yoast SEO plugin. -->","yoast_head_json":{"title":"H\u00f4tel Duo Paris | Le Marais Paris | Contact","description":"N\u2019h\u00e9sitez pas \u00e0 contacter l'h\u00f4tel Duo Paris pour toute question relative \u00e0 l\u2019h\u00f4tel ou pour une demande de r\u00e9servation.","robots":{"index":"index","follow":"follow","max-snippet":"max-snippet:-1","max-image-preview":"max-image-preview:large","max-video-preview":"max-video-preview:-1"},"canonical":"https:\/\/www.duo-paris.com\/en\/contact-us\/","og_locale":"en_US","og_type":"article","og_title":"H\u00f4tel Duo Paris | Le Marais Paris | Contact","og_description":"N\u2019h\u00e9sitez pas \u00e0 contacter l'h\u00f4tel Duo Paris pour toute question relative \u00e0 l\u2019h\u00f4tel ou pour une demande de r\u00e9servation.","og_url":"https:\/\/www.duo-paris.com\/en\/contact-us\/","og_site_name":"Hotel Duo Paris","article_publisher":"https:\/\/www.facebook.com\/HotelDuoParis\/","article_modified_time":"2024-12-16T10:21:13+00:00","twitter_card":"summary_large_image","schema":{"@context":"https:\/\/schema.org","@graph":[{"@type":"WebPage","@id":"https:\/\/www.duo-paris.com\/en\/contact-us\/","url":"https:\/\/www.duo-paris.com\/en\/contact-us\/","name":"H\u00f4tel Duo Paris | Le Marais Paris | Contact","isPartOf":{"@id":"https:\/\/www.duo-paris.com\/en\/#website"},"datePublished":"2024-10-23T03:22:53+00:00","dateModified":"2024-12-16T10:21:13+00:00","description":"N\u2019h\u00e9sitez pas \u00e0 contacter l'h\u00f4tel Duo Paris pour toute question relative \u00e0 l\u2019h\u00f4tel ou pour une demande de r\u00e9servation.","breadcrumb":{"@id":"https:\/\/www.duo-paris.com\/en\/contact-us\/#breadcrumb"},"inLanguage":"en-US","potentialAction":[{"@type":"ReadAction","target":["https:\/\/www.duo-paris.com\/en\/contact-us\/"]}]},{"@type":"BreadcrumbList","@id":"https:\/\/www.duo-paris.com\/en\/contact-us\/#breadcrumb","itemListElement":[{"@type":"ListItem","position":1,"name":"Home","item":"https:\/\/www.duo-paris.com\/en\/"},{"@type":"ListItem","position":2,"name":"Contact us"}]},{"@type":"WebSite","@id":"https:\/\/www.duo-paris.com\/en\/#website","url":"https:\/\/www.duo-paris.com\/en\/","name":"Hotel Duo Paris","description":"","publisher":{"@id":"https:\/\/www.duo-paris.com\/en\/#organization"},"potentialAction":[{"@type":"SearchAction","target":{"@type":"EntryPoint","urlTemplate":"https:\/\/www.duo-paris.com\/en\/?s={search_term_string}"},"query-input":{"@type":"PropertyValueSpecification","valueRequired":true,"valueName":"search_term_string"}}],"inLanguage":"en-US"},{"@type":"Organization","@id":"https:\/\/www.duo-paris.com\/en\/#organization","name":"Hotel Duo Paris","url":"https:\/\/www.duo-paris.com\/en\/","logo":{"@type":"ImageObject","inLanguage":"en-US","@id":"https:\/\/www.duo-paris.com\/en\/#\/schema\/logo\/image\/","url":"https:\/\/hotel-duo-paris.ms2.decms.eu\/wp-content\/uploads\/sites\/173\/2024\/11\/Logo-Hotel-Duo.png","contentUrl":"https:\/\/hotel-duo-paris.ms2.decms.eu\/wp-content\/uploads\/sites\/173\/2024\/11\/Logo-Hotel-Duo.png","width":274,"height":166,"caption":"Hotel Duo Paris"},"image":{"@id":"https:\/\/www.duo-paris.com\/en\/#\/schema\/logo\/image\/"},"sameAs":["https:\/\/www.facebook.com\/HotelDuoParis\/","https:\/\/www.instagram.com\/hotelduoparis\/","https:\/\/www.linkedin.com\/company\/htel-duo?originalSubdomain=fr"]}]}},"acf":[],"_links":{"self":[{"href":"https:\/\/www.duo-paris.com\/en\/wp-json\/wp\/v2\/pages\/208","targetHints":{"allow":["GET"]}}],"collection":[{"href":"https:\/\/www.duo-paris.com\/en\/wp-json\/wp\/v2\/pages"}],"about":[{"href":"https:\/\/www.duo-paris.com\/en\/wp-json\/wp\/v2\/types\/page"}],"author":[{"embeddable":true,"href":"https:\/\/www.duo-paris.com\/en\/wp-json\/wp\/v2\/users\/186"}],"replies":[{"embeddable":true,"href":"https:\/\/www.duo-paris.com\/en\/wp-json\/wp\/v2\/comments?post=208"}],"version-history":[{"count":0,"href":"https:\/\/www.duo-paris.com\/en\/wp-json\/wp\/v2\/pages\/208\/revisions"}],"wp:attachment":[{"href":"https:\/\/www.duo-paris.com\/en\/wp-json\/wp\/v2\/media?parent=208"}],"curies":[{"name":"wp","href":"https:\/\/api.w.org\/{rel}","templated":true}]}}